{"id":1217,"date":"2023-09-07T13:59:43","date_gmt":"2023-09-07T11:59:43","guid":{"rendered":"https:\/\/bykern.com\/?page_id=1217"},"modified":"2023-09-07T14:09:16","modified_gmt":"2023-09-07T12:09:16","slug":"rock-sportster","status":"publish","type":"page","link":"https:\/\/bykern.com\/fr\/rock-echappements\/rock-sportster\/","title":{"rendered":"Rock &#8211; Sportster"},"content":{"rendered":"\n<div class=\"container-fluid full-img-bg rock-sportster motor-oldal\">\n<div class=\"row\">\n<div class=\"col-md-5 ml-auto\">\n<h2 style=\"text-align: left;\">HARLEY DAVIDSON SPORTSTER<\/h2>\n<h3 class=\"mb-4\">Naviguez jusqu&rsquo;\u00e0 votre v\u00e9lo et vous verrez quel \u00e9chappement vous devez commander.<\/h3>\n<div class=\"motor-kep\"><figure><img decoding=\"async\" class=\"ml-auto d-block mb-4\" src=\"https:\/\/bykern.com\/wp-content\/themes\/bykern-theme\/images\/rock-sportster-1.png\" alt=\"Sportster 1\"><\/figure><br>\n<a href=\"#type\"><p><\/p>\n<div class=\"motor-overlay\">\n<p>UXR-84-P-0413<br>\nUXR-84-P-14<\/p>\n<\/div>\n<\/a><p><a href=\"#type\"><\/a>\n<\/p><\/div>\n<div class=\"motor-kep\"><figure><img decoding=\"async\" class=\"ml-auto d-block mb-4\" src=\"https:\/\/bykern.com\/wp-content\/themes\/bykern-theme\/images\/rock-sportster-2.png\" alt=\"Sportster 2\"><\/figure><br>\n<a href=\"#type\"><p><\/p>\n<div class=\"motor-overlay\">\n<p>UXR-84-D-0413<br>\nUXR-84-D-14<\/p>\n<\/div>\n<\/a><p><a href=\"#type\"><\/a>\n<\/p><\/div>\n<div class=\"motor-kep\"><figure><img decoding=\"async\" class=\"ml-auto d-block mb-4\" src=\"https:\/\/bykern.com\/wp-content\/themes\/bykern-theme\/images\/rock-sportster-\n3.png\" alt=\"Sportster 3\"><\/figure><br>\n<a href=\"#type\"><p><\/p>\n<div class=\"motor-overlay\">\n<p>UXR-84-P-0413<br>\nUXR-84-P-14<\/p>\n<\/div>\n<\/a><p><a href=\"#type\"><\/a>\n<\/p><\/div>\n<div class=\"motor-kep\"><figure><img decoding=\"async\" class=\"ml-auto d-block mb-4\" src=\"https:\/\/bykern.com\/wp-content\/themes\/bykern-theme\/images\/rock-sportster-4.png\" alt=\"Sportster 4\"><\/figure><br>\n<a href=\"#type\"><p><\/p>\n<div class=\"motor-overlay\">\n<p>UXR-84-D-0413<br>\nUXR-84-D-14<\/p>\n<\/div>\n<\/a><p><a href=\"#type\"><\/a>\n<\/p><\/div>\n<\/div>\n<\/div>\n<\/div>\n\n\n\n<div id=\"type\" class=\"container-fluid table-stuff\">\n<div class=\"row\">\n<div class=\"col\">\n<h2>TABLEAU DE TYPE<\/h2>\n<p>L&#8217;emballage contient les boulons n\u00e9cessaires, la certification, les serre-c\u00e2bles et le manuel d&rsquo;utilisation.<\/p>\n<table class=\"table table-responsive table-inverse\" style=\"width: 100%; margin-left: auto; margin-right: auto; vertical-align: middle;\">\n<tbody><tr>\n<th><\/th>\n<th>Type<\/th>\n<th>Ann\u00e9e<\/th>\n<th>Catalisateur<\/th>\n<\/tr>\n<tr>\n<td rowspan=\"5\">Poli:<br>UXR-84-P-0413<br>UXR-84-P-14<br>Noir:<br>UXR-84-D-0413<br>UXR-84-D-14<p><\/p>\n<p><a class=\"arrow-btn\" href=\"https:\/\/bykernshop.com\" target=\"_blank\" rel=\"noopener noreferrer\">Shop<\/a><\/p><\/td>\n<td>XL 883<\/td>\n<td>2004<\/td>\n<td>EURO 4<\/td>\n<\/tr>\n<tr>\n<td>XL 883 C<\/td>\n<td>2004<\/td>\n<td>EURO 4<\/td>\n<\/tr>\n<tr>\n<td>XL 883 L<\/td>\n<td>2004<\/td>\n<td>EURO 4<\/td>\n<\/tr>\n<tr>\n<td>XL 883 R<\/td>\n<td>2004<\/td>\n<td>EURO 4<\/td>\n<\/tr>\n<tr>\n<td>XL 883 N<\/td>\n<td>2012<\/td>\n<td>EURO 4<\/td>\n<\/tr>\n<\/tbody><\/table>\n<table class=\"table table-responsive table-inverse\" style=\"width: 100%; margin-left: auto; margin-right: auto;\">\n<tbody><tr>\n<th><\/th>\n<th>Type<\/th>\n<th>Ann\u00e9e<\/th>\n<th>Catalisateur<\/th>\n<\/tr>\n<tr>\n<td rowspan=\"8\">Poli:<br>UXR-84-P-0413<br>UXR-84-P-14<br>Noir:<br>UXR-84-D-0413<br>UXR-84-D-14<p><\/p>\n<p><a class=\"arrow-btn\" href=\"https:\/\/bykernshop.com\" target=\"_blank\" rel=\"noopener noreferrer\">Shop<\/a><\/p><\/td>\n<td>XL 1200 L<\/td>\n<td>2004<\/td>\n<td>EURO 4<\/td>\n<\/tr>\n<tr>\n<td>XL 1200 C<\/td>\n<td>2004<\/td>\n<td>EURO 4<\/td>\n<\/tr>\n<tr>\n<td>XL 1200 R<\/td>\n<td>2004<\/td>\n<td>EURO 4<\/td>\n<\/tr>\n<tr>\n<td>XL 1200 N<\/td>\n<td>2007<\/td>\n<td>EURO 4<\/td>\n<\/tr>\n<tr>\n<td>XL 1200 X<\/td>\n<td>2010<\/td>\n<td>EURO 4<\/td>\n<\/tr>\n<tr>\n<td>XL 1200 V<\/td>\n<td>2012<\/td>\n<td>EURO 4<\/td>\n<\/tr>\n<tr>\n<td>XL 1200 T<\/td>\n<td>2014<\/td>\n<td>EURO 4<\/td>\n<\/tr>\n<tr>\n<td>Roadster<\/td>\n<td>2016<\/td>\n<td>EURO 4<\/td>\n<\/tr>\n<\/tbody><\/table>\n<\/div>\n<\/div>\n<p>La garantie ne couvre pas la d\u00e9coloration. La surface ext\u00e9rieure du pot d&rsquo;\u00e9chappement poli peut changer de couleur sous l&rsquo;effet de la chaleur, mais elle conserve son \u00e9clat. Cette d\u00e9coloration est typique du mat\u00e9riau inoxydable utilis\u00e9 ici.\n<\/p><\/div>\n\n\n\n<div class=\"container-fluid galeria\">\n<div class=\"row\">\n<div class=\"col\">\n<h2>GALERIE<\/h2>\n<p>Cliquez pour agrandir les images.<\/p>\n<div class=\"gallery-container\">\n<div class=\"container-ol\"><a href=\"https:\/\/bykern.com\/wp-content\/uploads\/2019\/11\/SSDRock_black_colt_1.jpg\" data-fancybox=\"images-dyna\" data-caption=\"Sportster\"><br><figure><img decoding=\"async\" class=\"img-fluid rounded-circle\" src=\"https:\/\/bykern.com\/wp-content\/uploads\/2019\/11\/SSDRock_black_colt_1-150x150.jpg\" alt=\"Sportster\"><\/figure><br><span class=\"overlay\"><br><br><\/span><br><\/a><\/div>\n<div class=\"container-ol\"><a href=\"https:\/\/bykern.com\/wp-content\/uploads\/2019\/11\/SSDRock_black_colt_2.jpg\" data-fancybox=\"images-dyna\" data-caption=\"Sportster\"><br><figure><img decoding=\"async\" class=\"img-fluid rounded-circle\" src=\"https:\/\/bykern.com\/wp-content\/uploads\/2019\/11\/SSDRock_black_colt_2-150x150.jpg\" alt=\"Sportster\"><\/figure><br><span class=\"overlay\"><br><br><\/span><br><\/a><\/div>\n<div class=\"container-ol\"><a href=\"https:\/\/bykern.com\/wp-content\/uploads\/2019\/11\/SSDRock_black_colt_3.jpg\" data-fancybox=\"images-dyna\" data-caption=\"Sportster\"><br><figure><img decoding=\"async\" class=\"img-fluid rounded-circle\" src=\"https:\/\/bykern.com\/wp-content\/uploads\/2019\/11\/SSDRock_black_colt_3-150x150.jpg\" alt=\"Sportster\"><\/figure><br><span class=\"overlay\"><br><br><\/span><br><\/a><\/div>\n<div class=\"container-ol\"><a href=\"https:\/\/bykern.com\/wp-content\/uploads\/2019\/11\/SSDRock_polished_bands_1.jpg\" data-fancybox=\"images-dyna\" data-caption=\"Sportster\"><br><figure><img decoding=\"async\" class=\"img-fluid rounded-circle\" src=\"https:\/\/bykern.com\/wp-content\/uploads\/2019\/11\/SSDRock_polished_bands_1-150x150.jpg\" alt=\"Sportster\"><\/figure><br><span class=\"overlay\"><br><br><\/span><br><\/a><\/div>\n<div class=\"container-ol\"><a href=\"https:\/\/bykern.com\/wp-content\/uploads\/2019\/11\/SSDRock_polished_bands_2.jpg\" data-fancybox=\"images-dyna\" data-caption=\"Sportster\"><br><figure><img decoding=\"async\" class=\"img-fluid rounded-circle\" src=\"https:\/\/bykern.com\/wp-content\/uploads\/2019\/11\/SSDRock_polished_bands_2-150x150.jpg\" alt=\"Sportster\"><\/figure><br><span class=\"overlay\"><br><br><\/span><br><\/a><\/div>\n<div class=\"container-ol\"><a href=\"https:\/\/bykern.com\/wp-content\/uploads\/2019\/11\/SSDRock_polished_bands_3.jpg\" data-fancybox=\"images-dyna\" data-caption=\"Sportster\"><br><figure><img decoding=\"async\" class=\"img-fluid rounded-circle\" src=\"https:\/\/bykern.com\/wp-content\/uploads\/2019\/11\/SSDRock_polished_bands_3-150x150.jpg\" alt=\"Sportster\"><\/figure><br><span class=\"overlay\"><br><br><\/span><br><\/a><\/div>\n<p>&nbsp;<\/p>\n<\/div>\n<\/div>\n<\/div><\/div>\n","protected":false},"excerpt":{"rendered":"<p>HARLEY DAVIDSON SPORTSTER Naviguez jusqu&rsquo;\u00e0 votre v\u00e9lo et vous verrez quel \u00e9chappement vous devez commander. UXR-84-P-0413 UXR-84-P-14 UXR-84-D-0413 UXR-84-D-14 UXR-84-P-0413 UXR-84-P-14 UXR-84-D-0413 UXR-84-D-14 TABLEAU DE TYPE L&#8217;emballage contient les boulons n\u00e9cessaires, la certification, les serre-c\u00e2bles et le manuel d&rsquo;utilisation. Type Ann\u00e9e Catalisateur Poli:UXR-84-P-0413UXR-84-P-14Noir:UXR-84-D-0413UXR-84-D-14 Shop XL 883 2004 EURO 4 XL 883 C 2004 EURO 4 [&hellip;]<\/p>\n","protected":false},"author":1,"featured_media":0,"parent":1160,"menu_order":0,"comment_status":"closed","ping_status":"closed","template":"page-motorok.php","meta":{"footnotes":""},"class_list":["post-1217","page","type-page","status-publish","hentry"],"yoast_head":"<!-- This site is optimized with the Yoast SEO plugin v27.0 - https:\/\/yoast.com\/product\/yoast-seo-wordpress\/ -->\n<title>Rock - Sportster - By Kern Exhausts<\/title>\n<meta name=\"robots\" content=\"index, follow, max-snippet:-1, max-image-preview:large, max-video-preview:-1\" \/>\n<link rel=\"canonical\" href=\"https:\/\/bykern.com\/fr\/rock-echappements\/rock-sportster\/\" \/>\n<meta property=\"og:locale\" content=\"fr_FR\" \/>\n<meta property=\"og:type\" content=\"article\" \/>\n<meta property=\"og:title\" content=\"Rock - Sportster - By Kern Exhausts\" \/>\n<meta property=\"og:description\" content=\"HARLEY DAVIDSON SPORTSTER Naviguez jusqu&rsquo;\u00e0 votre v\u00e9lo et vous verrez quel \u00e9chappement vous devez commander. UXR-84-P-0413 UXR-84-P-14 UXR-84-D-0413 UXR-84-D-14 UXR-84-P-0413 UXR-84-P-14 UXR-84-D-0413 UXR-84-D-14 TABLEAU DE TYPE L&#8217;emballage contient les boulons n\u00e9cessaires, la certification, les serre-c\u00e2bles et le manuel d&rsquo;utilisation. Type Ann\u00e9e Catalisateur Poli:UXR-84-P-0413UXR-84-P-14Noir:UXR-84-D-0413UXR-84-D-14 Shop XL 883 2004 EURO 4 XL 883 C 2004 EURO 4 [&hellip;]\" \/>\n<meta property=\"og:url\" content=\"https:\/\/bykern.com\/fr\/rock-echappements\/rock-sportster\/\" \/>\n<meta property=\"og:site_name\" content=\"By Kern Exhausts\" \/>\n<meta property=\"article:modified_time\" content=\"2023-09-07T12:09:16+00:00\" \/>\n<meta property=\"og:image\" content=\"https:\/\/bykern.com\/wp-content\/themes\/bykern-theme\/images\/rock-sportster-1.png\" \/>\n<meta name=\"twitter:card\" content=\"summary_large_image\" \/>\n<meta name=\"twitter:label1\" content=\"Dur\u00e9e de lecture estim\u00e9e\" \/>\n\t<meta name=\"twitter:data1\" content=\"3 minutes\" \/>\n<script type=\"application\/ld+json\" class=\"yoast-schema-graph\">{\"@context\":\"https:\/\/schema.org\",\"@graph\":[{\"@type\":\"WebPage\",\"@id\":\"https:\/\/bykern.com\/fr\/rock-echappements\/rock-sportster\/\",\"url\":\"https:\/\/bykern.com\/fr\/rock-echappements\/rock-sportster\/\",\"name\":\"Rock - Sportster - By Kern Exhausts\",\"isPartOf\":{\"@id\":\"https:\/\/bykern.com\/#website\"},\"primaryImageOfPage\":{\"@id\":\"https:\/\/bykern.com\/fr\/rock-echappements\/rock-sportster\/#primaryimage\"},\"image\":{\"@id\":\"https:\/\/bykern.com\/fr\/rock-echappements\/rock-sportster\/#primaryimage\"},\"thumbnailUrl\":\"https:\/\/bykern.com\/wp-content\/themes\/bykern-theme\/images\/rock-sportster-1.png\",\"datePublished\":\"2023-09-07T11:59:43+00:00\",\"dateModified\":\"2023-09-07T12:09:16+00:00\",\"breadcrumb\":{\"@id\":\"https:\/\/bykern.com\/fr\/rock-echappements\/rock-sportster\/#breadcrumb\"},\"inLanguage\":\"fr-FR\",\"potentialAction\":[{\"@type\":\"ReadAction\",\"target\":[\"https:\/\/bykern.com\/fr\/rock-echappements\/rock-sportster\/\"]}]},{\"@type\":\"ImageObject\",\"inLanguage\":\"fr-FR\",\"@id\":\"https:\/\/bykern.com\/fr\/rock-echappements\/rock-sportster\/#primaryimage\",\"url\":\"https:\/\/bykern.com\/wp-content\/themes\/bykern-theme\/images\/rock-sportster-1.png\",\"contentUrl\":\"https:\/\/bykern.com\/wp-content\/themes\/bykern-theme\/images\/rock-sportster-1.png\"},{\"@type\":\"BreadcrumbList\",\"@id\":\"https:\/\/bykern.com\/fr\/rock-echappements\/rock-sportster\/#breadcrumb\",\"itemListElement\":[{\"@type\":\"ListItem\",\"position\":1,\"name\":\"Home\",\"item\":\"https:\/\/bykern.com\/\"},{\"@type\":\"ListItem\",\"position\":2,\"name\":\"Rock \u00e9chappements\",\"item\":\"https:\/\/bykern.com\/fr\/rock-echappements\/\"},{\"@type\":\"ListItem\",\"position\":3,\"name\":\"Rock &#8211; Sportster\"}]},{\"@type\":\"WebSite\",\"@id\":\"https:\/\/bykern.com\/#website\",\"url\":\"https:\/\/bykern.com\/\",\"name\":\"By Kern Exhausts\",\"description\":\"Pr\u00e9mium Harley Davidson kipufog\u00f3k\",\"potentialAction\":[{\"@type\":\"SearchAction\",\"target\":{\"@type\":\"EntryPoint\",\"urlTemplate\":\"https:\/\/bykern.com\/?s={search_term_string}\"},\"query-input\":{\"@type\":\"PropertyValueSpecification\",\"valueRequired\":true,\"valueName\":\"search_term_string\"}}],\"inLanguage\":\"fr-FR\"}]}<\/script>\n<!-- \/ Yoast SEO plugin. -->","yoast_head_json":{"title":"Rock - Sportster - By Kern Exhausts","robots":{"index":"index","follow":"follow","max-snippet":"max-snippet:-1","max-image-preview":"max-image-preview:large","max-video-preview":"max-video-preview:-1"},"canonical":"https:\/\/bykern.com\/fr\/rock-echappements\/rock-sportster\/","og_locale":"fr_FR","og_type":"article","og_title":"Rock - Sportster - By Kern Exhausts","og_description":"HARLEY DAVIDSON SPORTSTER Naviguez jusqu&rsquo;\u00e0 votre v\u00e9lo et vous verrez quel \u00e9chappement vous devez commander. UXR-84-P-0413 UXR-84-P-14 UXR-84-D-0413 UXR-84-D-14 UXR-84-P-0413 UXR-84-P-14 UXR-84-D-0413 UXR-84-D-14 TABLEAU DE TYPE L&#8217;emballage contient les boulons n\u00e9cessaires, la certification, les serre-c\u00e2bles et le manuel d&rsquo;utilisation. Type Ann\u00e9e Catalisateur Poli:UXR-84-P-0413UXR-84-P-14Noir:UXR-84-D-0413UXR-84-D-14 Shop XL 883 2004 EURO 4 XL 883 C 2004 EURO 4 [&hellip;]","og_url":"https:\/\/bykern.com\/fr\/rock-echappements\/rock-sportster\/","og_site_name":"By Kern Exhausts","article_modified_time":"2023-09-07T12:09:16+00:00","og_image":[{"url":"https:\/\/bykern.com\/wp-content\/themes\/bykern-theme\/images\/rock-sportster-1.png","type":"","width":"","height":""}],"twitter_card":"summary_large_image","twitter_misc":{"Dur\u00e9e de lecture estim\u00e9e":"3 minutes"},"schema":{"@context":"https:\/\/schema.org","@graph":[{"@type":"WebPage","@id":"https:\/\/bykern.com\/fr\/rock-echappements\/rock-sportster\/","url":"https:\/\/bykern.com\/fr\/rock-echappements\/rock-sportster\/","name":"Rock - Sportster - By Kern Exhausts","isPartOf":{"@id":"https:\/\/bykern.com\/#website"},"primaryImageOfPage":{"@id":"https:\/\/bykern.com\/fr\/rock-echappements\/rock-sportster\/#primaryimage"},"image":{"@id":"https:\/\/bykern.com\/fr\/rock-echappements\/rock-sportster\/#primaryimage"},"thumbnailUrl":"https:\/\/bykern.com\/wp-content\/themes\/bykern-theme\/images\/rock-sportster-1.png","datePublished":"2023-09-07T11:59:43+00:00","dateModified":"2023-09-07T12:09:16+00:00","breadcrumb":{"@id":"https:\/\/bykern.com\/fr\/rock-echappements\/rock-sportster\/#breadcrumb"},"inLanguage":"fr-FR","potentialAction":[{"@type":"ReadAction","target":["https:\/\/bykern.com\/fr\/rock-echappements\/rock-sportster\/"]}]},{"@type":"ImageObject","inLanguage":"fr-FR","@id":"https:\/\/bykern.com\/fr\/rock-echappements\/rock-sportster\/#primaryimage","url":"https:\/\/bykern.com\/wp-content\/themes\/bykern-theme\/images\/rock-sportster-1.png","contentUrl":"https:\/\/bykern.com\/wp-content\/themes\/bykern-theme\/images\/rock-sportster-1.png"},{"@type":"BreadcrumbList","@id":"https:\/\/bykern.com\/fr\/rock-echappements\/rock-sportster\/#breadcrumb","itemListElement":[{"@type":"ListItem","position":1,"name":"Home","item":"https:\/\/bykern.com\/"},{"@type":"ListItem","position":2,"name":"Rock \u00e9chappements","item":"https:\/\/bykern.com\/fr\/rock-echappements\/"},{"@type":"ListItem","position":3,"name":"Rock &#8211; Sportster"}]},{"@type":"WebSite","@id":"https:\/\/bykern.com\/#website","url":"https:\/\/bykern.com\/","name":"By Kern Exhausts","description":"Pr\u00e9mium Harley Davidson kipufog\u00f3k","potentialAction":[{"@type":"SearchAction","target":{"@type":"EntryPoint","urlTemplate":"https:\/\/bykern.com\/?s={search_term_string}"},"query-input":{"@type":"PropertyValueSpecification","valueRequired":true,"valueName":"search_term_string"}}],"inLanguage":"fr-FR"}]}},"_links":{"self":[{"href":"https:\/\/bykern.com\/fr\/wp-json\/wp\/v2\/pages\/1217","targetHints":{"allow":["GET"]}}],"collection":[{"href":"https:\/\/bykern.com\/fr\/wp-json\/wp\/v2\/pages"}],"about":[{"href":"https:\/\/bykern.com\/fr\/wp-json\/wp\/v2\/types\/page"}],"author":[{"embeddable":true,"href":"https:\/\/bykern.com\/fr\/wp-json\/wp\/v2\/users\/1"}],"replies":[{"embeddable":true,"href":"https:\/\/bykern.com\/fr\/wp-json\/wp\/v2\/comments?post=1217"}],"version-history":[{"count":5,"href":"https:\/\/bykern.com\/fr\/wp-json\/wp\/v2\/pages\/1217\/revisions"}],"predecessor-version":[{"id":1242,"href":"https:\/\/bykern.com\/fr\/wp-json\/wp\/v2\/pages\/1217\/revisions\/1242"}],"up":[{"embeddable":true,"href":"https:\/\/bykern.com\/fr\/wp-json\/wp\/v2\/pages\/1160"}],"wp:attachment":[{"href":"https:\/\/bykern.com\/fr\/wp-json\/wp\/v2\/media?parent=1217"}],"curies":[{"name":"wp","href":"https:\/\/api.w.org\/{rel}","templated":true}]}}