{"id":1160,"date":"2023-09-07T13:24:33","date_gmt":"2023-09-07T11:24:33","guid":{"rendered":"https:\/\/bykern.com\/?page_id=1160"},"modified":"2023-09-07T13:27:55","modified_gmt":"2023-09-07T11:27:55","slug":"rock-echappements","status":"publish","type":"page","link":"https:\/\/bykern.com\/fr\/rock-echappements\/","title":{"rendered":"Rock \u00e9chappements"},"content":{"rendered":"<p>Voulez-vous jeter un coup d&rsquo;\u0153il sur les pots d&rsquo;\u00e9chappement que nous avons et sur ce qui convient le mieux \u00e0 votre v\u00e9lo ?<\/p>\n<h2>Premi\u00e8re \u00e9tape : S\u00e9lectionnez votre v\u00e9lo dans la liste suivante.<\/h2>\n<ul class=\"motor-list\">\n<li><a href=\"https:\/\/bykern.com\/fr\/rock-echappements\/rock-sportster\/\">Sportster<\/a><\/li>\n<li>|<\/li>\n<li><a href=\"https:\/\/bykern.com\/fr\/rock-echappements\/rock-dyna\/\">Dyna<\/a><\/li>\n<li>|<\/li>\n<li><a href=\"https:\/\/bykern.com\/fr\/rock-echappements\/rock-softail\/\">Softail<\/a><\/li>\n<li>|<\/li>\n<li><a href=\"https:\/\/bykern.com\/fr\/rock-echappements\/rock-touring\/\">Touring<\/a><\/li>\n<\/ul>\n<p>Le \u00ab\u00a0By Kern Rock Exhaust\u00a0\u00bb ne s&rsquo;excuse pas tout seul, vous devez le faire. Il poss\u00e8de le son que vous voulez entendre. Il n&rsquo;y a pas de compromis dans le son ni dans la production. Fabriqu\u00e9 \u00e0 la main avec un polissage miroir ou un rev\u00eatement noir mat.<\/p>\n<p>Nos \u00e9chappements remplacent parfaitement les \u00e9chappements Harley-Davidson d&rsquo;origine, vous avez besoin des collecteurs et de la console de silencieux d&rsquo;origine pour les monter.<\/p>\n<p>Son niveau sonore est sup\u00e9rieur \u00e0 115dB, sous votre propre responsabilit\u00e9.<\/p>\n<p>Vous recevez le &lsquo;black and shining&rsquo; <a href=\"https:\/\/bykern.com\/fr\/kipufogovegek\/\">embout<\/a> en cadeau, mais sur demande vous pouvez choisir ce que vous pr\u00e9f\u00e9rez.<\/p>\n","protected":false},"excerpt":{"rendered":"<p>Voulez-vous jeter un coup d&rsquo;\u0153il sur les pots d&rsquo;\u00e9chappement que nous avons et sur ce qui convient le mieux \u00e0 votre v\u00e9lo ? Premi\u00e8re \u00e9tape : S\u00e9lectionnez votre v\u00e9lo dans la liste suivante. Sportster | Dyna | Softail | Touring Le \u00ab\u00a0By Kern Rock Exhaust\u00a0\u00bb ne s&rsquo;excuse pas tout seul, vous devez le faire. Il [&hellip;]<\/p>\n","protected":false},"author":1,"featured_media":0,"parent":0,"menu_order":0,"comment_status":"closed","ping_status":"closed","template":"page-rock.php","meta":{"footnotes":""},"class_list":["post-1160","page","type-page","status-publish","hentry"],"yoast_head":"<!-- This site is optimized with the Yoast SEO plugin v27.0 - https:\/\/yoast.com\/product\/yoast-seo-wordpress\/ -->\n<title>Rock \u00e9chappements - By Kern Exhausts<\/title>\n<meta name=\"robots\" content=\"index, follow, max-snippet:-1, max-image-preview:large, max-video-preview:-1\" \/>\n<link rel=\"canonical\" href=\"https:\/\/bykern.com\/fr\/rock-echappements\/\" \/>\n<meta property=\"og:locale\" content=\"fr_FR\" \/>\n<meta property=\"og:type\" content=\"article\" \/>\n<meta property=\"og:title\" content=\"Rock \u00e9chappements - By Kern Exhausts\" \/>\n<meta property=\"og:description\" content=\"Voulez-vous jeter un coup d&rsquo;\u0153il sur les pots d&rsquo;\u00e9chappement que nous avons et sur ce qui convient le mieux \u00e0 votre v\u00e9lo ? Premi\u00e8re \u00e9tape : S\u00e9lectionnez votre v\u00e9lo dans la liste suivante. Sportster | Dyna | Softail | Touring Le \u00ab\u00a0By Kern Rock Exhaust\u00a0\u00bb ne s&rsquo;excuse pas tout seul, vous devez le faire. Il [&hellip;]\" \/>\n<meta property=\"og:url\" content=\"https:\/\/bykern.com\/fr\/rock-echappements\/\" \/>\n<meta property=\"og:site_name\" content=\"By Kern Exhausts\" \/>\n<meta property=\"article:modified_time\" content=\"2023-09-07T11:27:55+00:00\" \/>\n<meta property=\"og:image\" content=\"https:\/\/bykern.com\/wp-content\/uploads\/2017\/12\/bykern_icon.png\" \/>\n\t<meta property=\"og:image:width\" content=\"512\" \/>\n\t<meta property=\"og:image:height\" content=\"512\" \/>\n\t<meta property=\"og:image:type\" content=\"image\/png\" \/>\n<meta name=\"twitter:card\" content=\"summary_large_image\" \/>\n<meta name=\"twitter:label1\" content=\"Dur\u00e9e de lecture estim\u00e9e\" \/>\n\t<meta name=\"twitter:data1\" content=\"1 minute\" \/>\n<script type=\"application\/ld+json\" class=\"yoast-schema-graph\">{\"@context\":\"https:\/\/schema.org\",\"@graph\":[{\"@type\":\"WebPage\",\"@id\":\"https:\/\/bykern.com\/fr\/rock-echappements\/\",\"url\":\"https:\/\/bykern.com\/fr\/rock-echappements\/\",\"name\":\"Rock \u00e9chappements - By Kern Exhausts\",\"isPartOf\":{\"@id\":\"https:\/\/bykern.com\/#website\"},\"datePublished\":\"2023-09-07T11:24:33+00:00\",\"dateModified\":\"2023-09-07T11:27:55+00:00\",\"breadcrumb\":{\"@id\":\"https:\/\/bykern.com\/fr\/rock-echappements\/#breadcrumb\"},\"inLanguage\":\"fr-FR\",\"potentialAction\":[{\"@type\":\"ReadAction\",\"target\":[\"https:\/\/bykern.com\/fr\/rock-echappements\/\"]}]},{\"@type\":\"BreadcrumbList\",\"@id\":\"https:\/\/bykern.com\/fr\/rock-echappements\/#breadcrumb\",\"itemListElement\":[{\"@type\":\"ListItem\",\"position\":1,\"name\":\"Home\",\"item\":\"https:\/\/bykern.com\/\"},{\"@type\":\"ListItem\",\"position\":2,\"name\":\"Rock \u00e9chappements\"}]},{\"@type\":\"WebSite\",\"@id\":\"https:\/\/bykern.com\/#website\",\"url\":\"https:\/\/bykern.com\/\",\"name\":\"By Kern Exhausts\",\"description\":\"Pr\u00e9mium Harley Davidson kipufog\u00f3k\",\"potentialAction\":[{\"@type\":\"SearchAction\",\"target\":{\"@type\":\"EntryPoint\",\"urlTemplate\":\"https:\/\/bykern.com\/?s={search_term_string}\"},\"query-input\":{\"@type\":\"PropertyValueSpecification\",\"valueRequired\":true,\"valueName\":\"search_term_string\"}}],\"inLanguage\":\"fr-FR\"}]}<\/script>\n<!-- \/ Yoast SEO plugin. -->","yoast_head_json":{"title":"Rock \u00e9chappements - By Kern Exhausts","robots":{"index":"index","follow":"follow","max-snippet":"max-snippet:-1","max-image-preview":"max-image-preview:large","max-video-preview":"max-video-preview:-1"},"canonical":"https:\/\/bykern.com\/fr\/rock-echappements\/","og_locale":"fr_FR","og_type":"article","og_title":"Rock \u00e9chappements - By Kern Exhausts","og_description":"Voulez-vous jeter un coup d&rsquo;\u0153il sur les pots d&rsquo;\u00e9chappement que nous avons et sur ce qui convient le mieux \u00e0 votre v\u00e9lo ? Premi\u00e8re \u00e9tape : S\u00e9lectionnez votre v\u00e9lo dans la liste suivante. Sportster | Dyna | Softail | Touring Le \u00ab\u00a0By Kern Rock Exhaust\u00a0\u00bb ne s&rsquo;excuse pas tout seul, vous devez le faire. Il [&hellip;]","og_url":"https:\/\/bykern.com\/fr\/rock-echappements\/","og_site_name":"By Kern Exhausts","article_modified_time":"2023-09-07T11:27:55+00:00","og_image":[{"width":512,"height":512,"url":"https:\/\/bykern.com\/wp-content\/uploads\/2017\/12\/bykern_icon.png","type":"image\/png"}],"twitter_card":"summary_large_image","twitter_misc":{"Dur\u00e9e de lecture estim\u00e9e":"1 minute"},"schema":{"@context":"https:\/\/schema.org","@graph":[{"@type":"WebPage","@id":"https:\/\/bykern.com\/fr\/rock-echappements\/","url":"https:\/\/bykern.com\/fr\/rock-echappements\/","name":"Rock \u00e9chappements - By Kern Exhausts","isPartOf":{"@id":"https:\/\/bykern.com\/#website"},"datePublished":"2023-09-07T11:24:33+00:00","dateModified":"2023-09-07T11:27:55+00:00","breadcrumb":{"@id":"https:\/\/bykern.com\/fr\/rock-echappements\/#breadcrumb"},"inLanguage":"fr-FR","potentialAction":[{"@type":"ReadAction","target":["https:\/\/bykern.com\/fr\/rock-echappements\/"]}]},{"@type":"BreadcrumbList","@id":"https:\/\/bykern.com\/fr\/rock-echappements\/#breadcrumb","itemListElement":[{"@type":"ListItem","position":1,"name":"Home","item":"https:\/\/bykern.com\/"},{"@type":"ListItem","position":2,"name":"Rock \u00e9chappements"}]},{"@type":"WebSite","@id":"https:\/\/bykern.com\/#website","url":"https:\/\/bykern.com\/","name":"By Kern Exhausts","description":"Pr\u00e9mium Harley Davidson kipufog\u00f3k","potentialAction":[{"@type":"SearchAction","target":{"@type":"EntryPoint","urlTemplate":"https:\/\/bykern.com\/?s={search_term_string}"},"query-input":{"@type":"PropertyValueSpecification","valueRequired":true,"valueName":"search_term_string"}}],"inLanguage":"fr-FR"}]}},"_links":{"self":[{"href":"https:\/\/bykern.com\/fr\/wp-json\/wp\/v2\/pages\/1160","targetHints":{"allow":["GET"]}}],"collection":[{"href":"https:\/\/bykern.com\/fr\/wp-json\/wp\/v2\/pages"}],"about":[{"href":"https:\/\/bykern.com\/fr\/wp-json\/wp\/v2\/types\/page"}],"author":[{"embeddable":true,"href":"https:\/\/bykern.com\/fr\/wp-json\/wp\/v2\/users\/1"}],"replies":[{"embeddable":true,"href":"https:\/\/bykern.com\/fr\/wp-json\/wp\/v2\/comments?post=1160"}],"version-history":[{"count":2,"href":"https:\/\/bykern.com\/fr\/wp-json\/wp\/v2\/pages\/1160\/revisions"}],"predecessor-version":[{"id":1163,"href":"https:\/\/bykern.com\/fr\/wp-json\/wp\/v2\/pages\/1160\/revisions\/1163"}],"wp:attachment":[{"href":"https:\/\/bykern.com\/fr\/wp-json\/wp\/v2\/media?parent=1160"}],"curies":[{"name":"wp","href":"https:\/\/api.w.org\/{rel}","templated":true}]}}