{"id":222,"date":"2017-10-27T18:11:51","date_gmt":"2017-10-27T16:11:51","guid":{"rendered":"https:\/\/bykern.com\/?page_id=222"},"modified":"2020-03-10T11:22:16","modified_gmt":"2020-03-10T09:22:16","slug":"rock-softail","status":"publish","type":"page","link":"https:\/\/bykern.com\/de\/rock-kipufogok\/rock-softail\/","title":{"rendered":"Rock &#8211; Softail"},"content":{"rendered":"\n<div class=\"container-fluid full-img-bg rock-softail motor-oldal\">\n<div class=\"row\">\n<div class=\"col-md-5 ml-auto\">\n<h2 style=\"text-align: left;\">HARLEY DAVIDSON SOFTAIL<\/h2>\n<h3 class=\"mb-4\">Suche dein Motor aus, und du wirst sofort sehen welches Modell du bestellen sollst.<\/h3>\n<div class=\"motor-kep\"><figure><img decoding=\"async\" class=\"ml-auto d-block mb-4\" src=\"https:\/\/bykern.com\/wp-content\/themes\/bykern-theme\/images\/rock-softail-1.png\" alt=\"Softail 1\"><\/figure><br>\n<p>&nbsp;<\/p>\n<div class=\"motor-overlay\">\n<p>USAR-84-P-9906<br>USAR-84-P-0717<br>USCR-84-P-0817<\/p>\n<\/div>\n<p>&nbsp;<\/p>\n<\/div>\n<div class=\"motor-kep\"><figure><img decoding=\"async\" class=\"ml-auto d-block mb-4\" src=\"https:\/\/bykern.com\/wp-content\/themes\/bykern-theme\/images\/rock-softail-2.png\" alt=\"Softail 2\"><\/figure><br>\n<p>&nbsp;<\/p>\n<div class=\"motor-overlay\">\n<p>USAR-84-D-9906<br>USAR-84-D-0717<br>USCR-84-D-0817<\/p>\n<\/div>\n<p>&nbsp;<\/p>\n<\/div>\n<div class=\"motor-kep\"><figure><img decoding=\"async\" class=\"ml-auto d-block mb-4\" src=\"https:\/\/bykern.com\/wp-content\/themes\/bykern-theme\/images\/rock-softail-\n3.png\" alt=\"Softail 3\"><\/figure><br>\n<p>&nbsp;<\/p>\n<div class=\"motor-overlay\">\n<p>USBR-84-P-0717<\/p>\n<\/div>\n<p>&nbsp;<\/p>\n<\/div>\n<div class=\"motor-kep\"><figure><img decoding=\"async\" class=\"ml-auto d-block mb-4\" src=\"https:\/\/bykern.com\/wp-content\/themes\/bykern-theme\/images\/rock-softail-4.png\" alt=\"Softail 4\"><\/figure><br>\n<p>&nbsp;<\/p>\n<div class=\"motor-overlay\">\n<p>USBR-84-D-0717<\/p>\n<\/div>\n<p>&nbsp;<\/p>\n<\/div>\n<div class=\"motor-kep\"><figure><img decoding=\"async\" class=\"ml-auto d-block mb-4\" src=\"https:\/\/bykern.com\/wp-content\/themes\/bykern-theme\/images\/rock-softail-5.png\" alt=\"Softail 5\"><\/figure><br>\n<p>&nbsp;<\/p>\n<div class=\"motor-overlay\">\n<p>USBR-84-P-0717\/2<\/p>\n<\/div>\n<p>&nbsp;<\/p>\n<\/div>\n<div class=\"motor-kep\"><figure><img decoding=\"async\" class=\"ml-auto d-block mb-4\" src=\"https:\/\/bykern.com\/wp-content\/themes\/bykern-theme\/images\/rock-softail-6.png\" alt=\"Softail 6\"><\/figure><br>\n<p>&nbsp;<\/p>\n<div class=\"motor-overlay\">\n<p>USBR-84-D-0717\/2<\/p>\n<\/div>\n<p>&nbsp;<\/p>\n<\/div>\n<\/div>\n<\/div>\n<\/div>\n\n\n\n<div id=\"type\" class=\"container-fluid table-stuff\">\n<div class=\"row\">\n<div class=\"col\">\n<h2>TYP TABELLE<\/h2>\n<p>Das Paket enth\u00e4lt die n\u00f6tigen Schrauben, Gutachten, Kabelbinder und die Ausstattungsanweisung.<\/p>\n<table class=\"table table-responsive table-inverse\" style=\"width: 100%; margin-left: auto; margin-right: auto; vertical-align: middle;\">\n<tbody>\n<tr>\n<th>&nbsp;<\/th>\n<th>Typ<\/th>\n<th>Jahr<\/th>\n<th>Katalysator<\/th>\n<\/tr>\n<tr>\n<td rowspan=\"5\">Poliert:<br>USAR-84-P-9906<br>Schwarz:<br>USAR-84-D-9906\n<p>&nbsp;<\/p>\n<p><a class=\"arrow-btn\" href=\"https:\/\/bykernshop.com\" target=\"_blank\" rel=\"noopener noreferrer\">Shop<\/a><\/p>\n<\/td>\n<td>FXST<\/td>\n<td>1999<\/td>\n<td>&#8211;<\/td>\n<\/tr>\n<tr>\n<td>FXSTI<\/td>\n<td>1999<\/td>\n<td>&#8211;<\/td>\n<\/tr>\n<tr>\n<td>FXSTB<\/td>\n<td>1999<\/td>\n<td>&#8211;<\/td>\n<\/tr>\n<tr>\n<td>FXSTBI<\/td>\n<td>1999<\/td>\n<td>&#8211;<\/td>\n<\/tr>\n<tr>\n<td>FLSTC FLSTCI<\/td>\n<td>1999<\/td>\n<td>&#8211;<\/td>\n<\/tr>\n<\/tbody>\n<\/table>\n<table class=\"table table-responsive table-inverse\" style=\"width: 100%; margin-left: auto; margin-right: auto;\">\n<tbody>\n<tr>\n<th>&nbsp;<\/th>\n<th>Typ<\/th>\n<th>Jahr<\/th>\n<th>Katalysator<\/th>\n<\/tr>\n<tr>\n<td rowspan=\"5\">Poliert:<br>USAR-84-P-0717<br>Schwarz:<br>USAR-84-D-0717\n<p>&nbsp;<\/p>\n<p><a class=\"arrow-btn\" href=\"https:\/\/bykernshop.com\" target=\"_blank\" rel=\"noopener noreferrer\">Shop<\/a><\/p>\n<\/td>\n<td>FXSTC<\/td>\n<td>2007<\/td>\n<td>&#8211;<\/td>\n<\/tr>\n<tr>\n<td>FLSTF<\/td>\n<td>2007<\/td>\n<td>&#8211;<\/td>\n<\/tr>\n<\/tbody>\n<\/table>\n<table class=\"table table-responsive table-inverse\" style=\"width: 100%; margin-left: auto; margin-right: auto; vertical-align: middle;\">\n<tbody>\n<tr>\n<th>&nbsp;<\/th>\n<th>Typ<\/th>\n<th>Jahr<\/th>\n<th>Katalysator<\/th>\n<\/tr>\n<tr>\n<td rowspan=\"2\">Poliert:<br>USBR-84-P-0717<br>Schwarz:<br>USBR-84-D-0717\n<p>&nbsp;<\/p>\n<p><a class=\"arrow-btn\" href=\"https:\/\/bykernshop.com\" target=\"_blank\" rel=\"noopener noreferrer\">Shop<\/a><\/p>\n<\/td>\n<td>FXSTD<\/td>\n<td>2007<\/td>\n<td>&#8211;<\/td>\n<\/tr>\n<tr>\n<td>FXS<\/td>\n<td>2011<\/td>\n<td>&#8211;<\/td>\n<\/tr>\n<\/tbody>\n<\/table>\n<table class=\"table table-responsive table-inverse\" style=\"width: 100%; margin-left: auto; margin-right: auto;\">\n<tbody>\n<tr>\n<th>&nbsp;<\/th>\n<th>Typ<\/th>\n<th>Jahr<\/th>\n<th>Katalysator<\/th>\n<\/tr>\n<tr>\n<td rowspan=\"3\">Poliert:<br>USBR-84-P-0717\/2<br>Schwarz:<br>USBR-84-D-0717\/2\n<p>&nbsp;<\/p>\n<p><a class=\"arrow-btn\" href=\"https:\/\/bykernshop.com\" target=\"_blank\" rel=\"noopener noreferrer\">Shop<\/a><\/p>\n<\/td>\n<td>FLSTN<\/td>\n<td>2007<\/td>\n<td>&#8211;<\/td>\n<\/tr>\n<tr>\n<td>FLSTSB<\/td>\n<td>2008<\/td>\n<td>&#8211;<\/td>\n<\/tr>\n<tr>\n<td>FLS<\/td>\n<td>2012<\/td>\n<td>&#8211;<\/td>\n<\/tr>\n<\/tbody>\n<\/table>\n<table class=\"table table-responsive table-inverse\" style=\"width: 100%; margin-left: auto; margin-right: auto;\">\n<tbody>\n<tr>\n<th>&nbsp;<\/th>\n<th>Typ<\/th>\n<th>Jahr<\/th>\n<th>Katalysator<\/th>\n<\/tr>\n<tr>\n<td rowspan=\"5\">Poliert:<br>USCR-84-P-0817 <br>Schwarz:<br>USCR-84-D-0817\n<p>&nbsp;<\/p>\n<p><a class=\"arrow-btn\" href=\"https:\/\/bykernshop.com\" target=\"_blank\" rel=\"noopener noreferrer\">Shop<\/a><\/p>\n<\/td>\n<td>FXCW<\/td>\n<td>2008<\/td>\n<td>&#8211;<\/td>\n<\/tr>\n<tr>\n<td>FXCWC<\/td>\n<td>2009<\/td>\n<td>&#8211;<\/td>\n<\/tr>\n<tr>\n<td>FXSB<\/td>\n<td>2013<\/td>\n<td>&#8211;<\/td>\n<\/tr>\n<\/tbody>\n<\/table>\n<\/div>\n<\/div>\n<p>Weiterhin ist die Garantie bei Verf\u00e4rbung des Auspuffs nicht g\u00fcltig. Die \u00e4u\u00dfere Seite des polierten Auspuffs kann sich wegen der Hitze ein bisschen verf\u00e4rben, aber der Glanz wird immer bleiben. Diese Verf\u00e4rbung ist die Eigenschaft des rostfreien Materials, die du auch selber durch mehrfache Polieren mildern und sogar entfernen kannst.<\/p>\n<\/div>\n\n\n\n<div class=\"container-fluid galeria\">\n<div class=\"row\">\n<div class=\"col\">\n<h2>GALERIE<\/h2>\n<p>Klicken Sie auf die Bilder f\u00fcr die gr\u00f6\u00dfere Gr\u00f6\u00dfe<\/p>\n<div class=\"gallery-container\">\n<div class=\"container-ol\"><a href=\"https:\/\/bykern.com\/wp-content\/uploads\/2019\/11\/SSDRock_black_colt_1.jpg\" data-fancybox=\"images-dyna\" data-caption=\"softail\"><br><figure><img decoding=\"async\" class=\"img-fluid rounded-circle\" src=\"https:\/\/bykern.com\/wp-content\/uploads\/2019\/11\/SSDRock_black_colt_1-150x150.jpg\" alt=\"softail\"><\/figure><br><span class=\"overlay\"><br><br><\/span><br><\/a><\/div>\n<div class=\"container-ol\"><a href=\"https:\/\/bykern.com\/wp-content\/uploads\/2019\/11\/SSDRock_black_colt_2.jpg\" data-fancybox=\"images-dyna\" data-caption=\"softail\"><br><figure><img decoding=\"async\" class=\"img-fluid rounded-circle\" src=\"https:\/\/bykern.com\/wp-content\/uploads\/2019\/11\/SSDRock_black_colt_2-150x150.jpg\" alt=\"softail\"><\/figure><br><span class=\"overlay\"><br><br><\/span><br><\/a><\/div>\n<div class=\"container-ol\"><a href=\"https:\/\/bykern.com\/wp-content\/uploads\/2019\/11\/SSDRock_black_colt_3.jpg\" data-fancybox=\"images-dyna\" data-caption=\"softail\"><br><figure><img decoding=\"async\" class=\"img-fluid rounded-circle\" src=\"https:\/\/bykern.com\/wp-content\/uploads\/2019\/11\/SSDRock_black_colt_3-150x150.jpg\" alt=\"softail\"><\/figure><br><span class=\"overlay\"><br><br><\/span><br><\/a><\/div>\n<div class=\"container-ol\"><a href=\"https:\/\/bykern.com\/wp-content\/uploads\/2019\/11\/SSDRock_polished_bands_1.jpg\" data-fancybox=\"images-dyna\" data-caption=\"softail\"><br><figure><img decoding=\"async\" class=\"img-fluid rounded-circle\" src=\"https:\/\/bykern.com\/wp-content\/uploads\/2019\/11\/SSDRock_polished_bands_1-150x150.jpg\" alt=\"softail\"><\/figure><br><span class=\"overlay\"><br><br><\/span><br><\/a><\/div>\n<div class=\"container-ol\"><a href=\"https:\/\/bykern.com\/wp-content\/uploads\/2019\/11\/SSDRock_polished_bands_2.jpg\" data-fancybox=\"images-dyna\" data-caption=\"softail\"><br><figure><img decoding=\"async\" class=\"img-fluid rounded-circle\" src=\"https:\/\/bykern.com\/wp-content\/uploads\/2019\/11\/SSDRock_polished_bands_2-150x150.jpg\" alt=\"softail\"><\/figure><br><span class=\"overlay\"><br><br><\/span><br><\/a><\/div>\n<div class=\"container-ol\"><a href=\"https:\/\/bykern.com\/wp-content\/uploads\/2019\/11\/SSDRock_polished_bands_3.jpg\" data-fancybox=\"images-dyna\" data-caption=\"softail\"><br><figure><img decoding=\"async\" class=\"img-fluid rounded-circle\" src=\"https:\/\/bykern.com\/wp-content\/uploads\/2019\/11\/SSDRock_polished_bands_3-150x150.jpg\" alt=\"softail\"><\/figure><br><span class=\"overlay\"><br><br><\/span><br><\/a><\/div>\n<p>&nbsp;<\/p>\n<\/div>\n<\/div>\n<\/div>\n<\/div>\n","protected":false},"excerpt":{"rendered":"<p>HARLEY DAVIDSON SOFTAIL Suche dein Motor aus, und du wirst sofort sehen welches Modell du bestellen sollst. &nbsp; USAR-84-P-9906USAR-84-P-0717USCR-84-P-0817 &nbsp; &nbsp; USAR-84-D-9906USAR-84-D-0717USCR-84-D-0817 &nbsp; &nbsp; USBR-84-P-0717 &nbsp; &nbsp; USBR-84-D-0717 &nbsp; &nbsp; USBR-84-P-0717\/2 &nbsp; &nbsp; USBR-84-D-0717\/2 &nbsp; TYP TABELLE Das Paket enth\u00e4lt die n\u00f6tigen Schrauben, Gutachten, Kabelbinder und die Ausstattungsanweisung. &nbsp; Typ Jahr Katalysator Poliert:USAR-84-P-9906Schwarz:USAR-84-D-9906 &nbsp; Shop [&hellip;]<\/p>\n","protected":false},"author":1,"featured_media":0,"parent":207,"menu_order":0,"comment_status":"closed","ping_status":"closed","template":"page-motorok.php","meta":{"footnotes":""},"class_list":["post-222","page","type-page","status-publish","hentry"],"yoast_head":"<!-- This site is optimized with the Yoast SEO plugin v27.0 - https:\/\/yoast.com\/product\/yoast-seo-wordpress\/ -->\n<title>Rock - Softail - By Kern Exhausts<\/title>\n<meta name=\"robots\" content=\"index, follow, max-snippet:-1, max-image-preview:large, max-video-preview:-1\" \/>\n<link rel=\"canonical\" href=\"https:\/\/bykern.com\/de\/rock-kipufogok\/rock-softail\/\" \/>\n<meta property=\"og:locale\" content=\"de_DE\" \/>\n<meta property=\"og:type\" content=\"article\" \/>\n<meta property=\"og:title\" content=\"Rock - Softail - By Kern Exhausts\" \/>\n<meta property=\"og:description\" content=\"HARLEY DAVIDSON SOFTAIL Suche dein Motor aus, und du wirst sofort sehen welches Modell du bestellen sollst. &nbsp; USAR-84-P-9906USAR-84-P-0717USCR-84-P-0817 &nbsp; &nbsp; USAR-84-D-9906USAR-84-D-0717USCR-84-D-0817 &nbsp; &nbsp; USBR-84-P-0717 &nbsp; &nbsp; USBR-84-D-0717 &nbsp; &nbsp; USBR-84-P-0717\/2 &nbsp; &nbsp; USBR-84-D-0717\/2 &nbsp; TYP TABELLE Das Paket enth\u00e4lt die n\u00f6tigen Schrauben, Gutachten, Kabelbinder und die Ausstattungsanweisung. &nbsp; Typ Jahr Katalysator Poliert:USAR-84-P-9906Schwarz:USAR-84-D-9906 &nbsp; Shop [&hellip;]\" \/>\n<meta property=\"og:url\" content=\"https:\/\/bykern.com\/de\/rock-kipufogok\/rock-softail\/\" \/>\n<meta property=\"og:site_name\" content=\"By Kern Exhausts\" \/>\n<meta property=\"article:modified_time\" content=\"2020-03-10T09:22:16+00:00\" \/>\n<meta property=\"og:image\" content=\"https:\/\/bykern.com\/wp-content\/themes\/bykern-theme\/images\/rock-softail-1.png\" \/>\n<meta name=\"twitter:card\" content=\"summary_large_image\" \/>\n<meta name=\"twitter:label1\" content=\"Gesch\u00e4tzte Lesezeit\" \/>\n\t<meta name=\"twitter:data1\" content=\"1\u00a0Minute\" \/>\n<script type=\"application\/ld+json\" class=\"yoast-schema-graph\">{\"@context\":\"https:\/\/schema.org\",\"@graph\":[{\"@type\":\"WebPage\",\"@id\":\"https:\/\/bykern.com\/de\/rock-kipufogok\/rock-softail\/\",\"url\":\"https:\/\/bykern.com\/de\/rock-kipufogok\/rock-softail\/\",\"name\":\"Rock - Softail - By Kern Exhausts\",\"isPartOf\":{\"@id\":\"https:\/\/bykern.com\/#website\"},\"primaryImageOfPage\":{\"@id\":\"https:\/\/bykern.com\/de\/rock-kipufogok\/rock-softail\/#primaryimage\"},\"image\":{\"@id\":\"https:\/\/bykern.com\/de\/rock-kipufogok\/rock-softail\/#primaryimage\"},\"thumbnailUrl\":\"https:\/\/bykern.com\/wp-content\/themes\/bykern-theme\/images\/rock-softail-1.png\",\"datePublished\":\"2017-10-27T16:11:51+00:00\",\"dateModified\":\"2020-03-10T09:22:16+00:00\",\"breadcrumb\":{\"@id\":\"https:\/\/bykern.com\/de\/rock-kipufogok\/rock-softail\/#breadcrumb\"},\"inLanguage\":\"de\",\"potentialAction\":[{\"@type\":\"ReadAction\",\"target\":[\"https:\/\/bykern.com\/de\/rock-kipufogok\/rock-softail\/\"]}]},{\"@type\":\"ImageObject\",\"inLanguage\":\"de\",\"@id\":\"https:\/\/bykern.com\/de\/rock-kipufogok\/rock-softail\/#primaryimage\",\"url\":\"https:\/\/bykern.com\/wp-content\/themes\/bykern-theme\/images\/rock-softail-1.png\",\"contentUrl\":\"https:\/\/bykern.com\/wp-content\/themes\/bykern-theme\/images\/rock-softail-1.png\"},{\"@type\":\"BreadcrumbList\",\"@id\":\"https:\/\/bykern.com\/de\/rock-kipufogok\/rock-softail\/#breadcrumb\",\"itemListElement\":[{\"@type\":\"ListItem\",\"position\":1,\"name\":\"Home\",\"item\":\"https:\/\/bykern.com\/\"},{\"@type\":\"ListItem\",\"position\":2,\"name\":\"Rock Auspuffanlage\",\"item\":\"https:\/\/bykern.com\/de\/rock-kipufogok\/\"},{\"@type\":\"ListItem\",\"position\":3,\"name\":\"Rock &#8211; Softail\"}]},{\"@type\":\"WebSite\",\"@id\":\"https:\/\/bykern.com\/#website\",\"url\":\"https:\/\/bykern.com\/\",\"name\":\"By Kern Exhausts\",\"description\":\"Pr\u00e9mium Harley Davidson kipufog\u00f3k\",\"potentialAction\":[{\"@type\":\"SearchAction\",\"target\":{\"@type\":\"EntryPoint\",\"urlTemplate\":\"https:\/\/bykern.com\/?s={search_term_string}\"},\"query-input\":{\"@type\":\"PropertyValueSpecification\",\"valueRequired\":true,\"valueName\":\"search_term_string\"}}],\"inLanguage\":\"de\"}]}<\/script>\n<!-- \/ Yoast SEO plugin. -->","yoast_head_json":{"title":"Rock - Softail - By Kern Exhausts","robots":{"index":"index","follow":"follow","max-snippet":"max-snippet:-1","max-image-preview":"max-image-preview:large","max-video-preview":"max-video-preview:-1"},"canonical":"https:\/\/bykern.com\/de\/rock-kipufogok\/rock-softail\/","og_locale":"de_DE","og_type":"article","og_title":"Rock - Softail - By Kern Exhausts","og_description":"HARLEY DAVIDSON SOFTAIL Suche dein Motor aus, und du wirst sofort sehen welches Modell du bestellen sollst. &nbsp; USAR-84-P-9906USAR-84-P-0717USCR-84-P-0817 &nbsp; &nbsp; USAR-84-D-9906USAR-84-D-0717USCR-84-D-0817 &nbsp; &nbsp; USBR-84-P-0717 &nbsp; &nbsp; USBR-84-D-0717 &nbsp; &nbsp; USBR-84-P-0717\/2 &nbsp; &nbsp; USBR-84-D-0717\/2 &nbsp; TYP TABELLE Das Paket enth\u00e4lt die n\u00f6tigen Schrauben, Gutachten, Kabelbinder und die Ausstattungsanweisung. &nbsp; Typ Jahr Katalysator Poliert:USAR-84-P-9906Schwarz:USAR-84-D-9906 &nbsp; Shop [&hellip;]","og_url":"https:\/\/bykern.com\/de\/rock-kipufogok\/rock-softail\/","og_site_name":"By Kern Exhausts","article_modified_time":"2020-03-10T09:22:16+00:00","og_image":[{"url":"https:\/\/bykern.com\/wp-content\/themes\/bykern-theme\/images\/rock-softail-1.png","type":"","width":"","height":""}],"twitter_card":"summary_large_image","twitter_misc":{"Gesch\u00e4tzte Lesezeit":"1\u00a0Minute"},"schema":{"@context":"https:\/\/schema.org","@graph":[{"@type":"WebPage","@id":"https:\/\/bykern.com\/de\/rock-kipufogok\/rock-softail\/","url":"https:\/\/bykern.com\/de\/rock-kipufogok\/rock-softail\/","name":"Rock - Softail - By Kern Exhausts","isPartOf":{"@id":"https:\/\/bykern.com\/#website"},"primaryImageOfPage":{"@id":"https:\/\/bykern.com\/de\/rock-kipufogok\/rock-softail\/#primaryimage"},"image":{"@id":"https:\/\/bykern.com\/de\/rock-kipufogok\/rock-softail\/#primaryimage"},"thumbnailUrl":"https:\/\/bykern.com\/wp-content\/themes\/bykern-theme\/images\/rock-softail-1.png","datePublished":"2017-10-27T16:11:51+00:00","dateModified":"2020-03-10T09:22:16+00:00","breadcrumb":{"@id":"https:\/\/bykern.com\/de\/rock-kipufogok\/rock-softail\/#breadcrumb"},"inLanguage":"de","potentialAction":[{"@type":"ReadAction","target":["https:\/\/bykern.com\/de\/rock-kipufogok\/rock-softail\/"]}]},{"@type":"ImageObject","inLanguage":"de","@id":"https:\/\/bykern.com\/de\/rock-kipufogok\/rock-softail\/#primaryimage","url":"https:\/\/bykern.com\/wp-content\/themes\/bykern-theme\/images\/rock-softail-1.png","contentUrl":"https:\/\/bykern.com\/wp-content\/themes\/bykern-theme\/images\/rock-softail-1.png"},{"@type":"BreadcrumbList","@id":"https:\/\/bykern.com\/de\/rock-kipufogok\/rock-softail\/#breadcrumb","itemListElement":[{"@type":"ListItem","position":1,"name":"Home","item":"https:\/\/bykern.com\/"},{"@type":"ListItem","position":2,"name":"Rock Auspuffanlage","item":"https:\/\/bykern.com\/de\/rock-kipufogok\/"},{"@type":"ListItem","position":3,"name":"Rock &#8211; Softail"}]},{"@type":"WebSite","@id":"https:\/\/bykern.com\/#website","url":"https:\/\/bykern.com\/","name":"By Kern Exhausts","description":"Pr\u00e9mium Harley Davidson kipufog\u00f3k","potentialAction":[{"@type":"SearchAction","target":{"@type":"EntryPoint","urlTemplate":"https:\/\/bykern.com\/?s={search_term_string}"},"query-input":{"@type":"PropertyValueSpecification","valueRequired":true,"valueName":"search_term_string"}}],"inLanguage":"de"}]}},"_links":{"self":[{"href":"https:\/\/bykern.com\/de\/wp-json\/wp\/v2\/pages\/222","targetHints":{"allow":["GET"]}}],"collection":[{"href":"https:\/\/bykern.com\/de\/wp-json\/wp\/v2\/pages"}],"about":[{"href":"https:\/\/bykern.com\/de\/wp-json\/wp\/v2\/types\/page"}],"author":[{"embeddable":true,"href":"https:\/\/bykern.com\/de\/wp-json\/wp\/v2\/users\/1"}],"replies":[{"embeddable":true,"href":"https:\/\/bykern.com\/de\/wp-json\/wp\/v2\/comments?post=222"}],"version-history":[{"count":10,"href":"https:\/\/bykern.com\/de\/wp-json\/wp\/v2\/pages\/222\/revisions"}],"predecessor-version":[{"id":978,"href":"https:\/\/bykern.com\/de\/wp-json\/wp\/v2\/pages\/222\/revisions\/978"}],"up":[{"embeddable":true,"href":"https:\/\/bykern.com\/de\/wp-json\/wp\/v2\/pages\/207"}],"wp:attachment":[{"href":"https:\/\/bykern.com\/de\/wp-json\/wp\/v2\/media?parent=222"}],"curies":[{"name":"wp","href":"https:\/\/api.w.org\/{rel}","templated":true}]}}