{"id":205,"date":"2017-10-27T17:44:41","date_gmt":"2017-10-27T15:44:41","guid":{"rendered":"https:\/\/bykern.com\/?page_id=205"},"modified":"2024-03-19T14:50:06","modified_gmt":"2024-03-19T12:50:06","slug":"premium-kipufogok","status":"publish","type":"page","link":"https:\/\/bykern.com\/de\/premium-kipufogok\/","title":{"rendered":"Premium Aufpuffanlage"},"content":{"rendered":"<p>W\u00fcrdest du gerne die Asspuffe ansehen und dabei erfahren welcher Typ zu deinem Motor passt?<\/p>\n<h2>1. Schritt: W\u00e4hle den Typ deines Motors aus<\/h2>\n<ul class=\"motor-list\">\n<li><a href=\"https:\/\/bykern.com\/de\/premium-kipufogok\/premium-sportster\/\">Sportster<\/a><\/li>\n<li>|<\/li>\n<li><a href=\"https:\/\/bykern.com\/de\/premium-kipufogok\/premium-dyna\/\">Dyna<\/a><\/li>\n<li>|<\/li>\n<li><a href=\"https:\/\/bykern.com\/de\/premium-kipufogok\/premium-softail\/\">Softail<\/a><\/li>\n<li>|<\/li>\n<li><a href=\"https:\/\/bykern.com\/de\/premium-kipufogok\/premium-touring\/\">Touring<\/a><\/li>\n<\/ul>\n<p>Die By Kern Premium Aufpuffanlage bietet 2 T\u00f6ne: Street und Sport. Der stiller Modus (Street) verf\u00fcgt \u00fcber die e7 Qualifikation gem\u00e4\u00df der von dem europ\u00e4ischen Union genehmigte EK 97\/24 Richtlinie. Wir montieren sie mit Katalysatoren. Der Ger\u00e4uschpegel liegt unter 80 dbA. Die Messung ist pr\u00e4zis, sie findete den Vorschriften entsprechend zwischen geeigneten Umst\u00e4nden statt.<\/p>\n<p>Ein viel st\u00e4rkerer Ton (Sport) ist auch erreichbar, welcher f\u00fcr die Stra\u00dfenbenutzung nicht geeignet ist. Dieser Ton entspricht den Vorschriften des europ\u00e4ischen Unions nicht, das Steuerventil ist nicht in der Genehmigung enthalten, daher ist seine Benutzung ausschlie\u00dflich zu eigener Verantwortung. Der Ger\u00e4uschpegel liegt \u00fcber 105dbA.<\/p>\n<p>Der Auspuff wird aus rostfreiem Material gefertigt, welcher keine nachtr\u00e4gliche Fl\u00e4chenbehandlung bekommen hat. Die gl\u00e4nzende Fl\u00e4che ist im Material poliert, welche aber nicht matt wird. Es besteht auch die M\u00f6glichkeit ein gef\u00e4rbtes mattschwarzes St\u00fcck auszuw\u00e4hlen.<\/p>\n<p>Der Auspuff passt sich den originalen Auspuffkr\u00fcmmer und Konsolen an.<\/p>\n<p>Die Auspuffspitzen sind im Preis inbegriffen, Sie k\u00f6nnen nach Ihrem Geschmack w\u00e4hlen, w\u00e4hlen Sie die, die Sie bei der Bestellung m\u00f6gen.<\/p>\n<p>Jeder Motor ist anders, so empfehlen wir, dass Sie Ihren Motor nach dem Austausch des Auspuffs kalibriert haben. Wir empfehlen eine fachm\u00e4nnische Einstellung auf dem Leistungspr\u00fcfstand. Eine falsche Konfiguration, zu der auch eine falsche Einstellung geh\u00f6rt, kann zu einer \u00fcberm\u00e4\u00dfigen Erw\u00e4rmung der Bauteile f\u00fchren, wodurch der Auspuff besch\u00e4digt werden kann. Nicht oder falsch eingestellte Motoren fallen nicht unter die Garantie.<\/p>\n","protected":false},"excerpt":{"rendered":"<p>W\u00fcrdest du gerne die Asspuffe ansehen und dabei erfahren welcher Typ zu deinem Motor passt? 1. Schritt: W\u00e4hle den Typ deines Motors aus Sportster | Dyna | Softail | Touring Die By Kern Premium Aufpuffanlage bietet 2 T\u00f6ne: Street und Sport. Der stiller Modus (Street) verf\u00fcgt \u00fcber die e7 Qualifikation gem\u00e4\u00df der von dem europ\u00e4ischen [&hellip;]<\/p>\n","protected":false},"author":1,"featured_media":0,"parent":0,"menu_order":0,"comment_status":"closed","ping_status":"closed","template":"page-premium.php","meta":{"footnotes":""},"class_list":["post-205","page","type-page","status-publish","hentry"],"yoast_head":"<!-- This site is optimized with the Yoast SEO plugin v27.0 - https:\/\/yoast.com\/product\/yoast-seo-wordpress\/ -->\n<title>Premium Aufpuffanlage - By Kern Exhausts<\/title>\n<meta name=\"robots\" content=\"index, follow, max-snippet:-1, max-image-preview:large, max-video-preview:-1\" \/>\n<link rel=\"canonical\" href=\"https:\/\/bykern.com\/de\/premium-kipufogok\/\" \/>\n<meta property=\"og:locale\" content=\"de_DE\" \/>\n<meta property=\"og:type\" content=\"article\" \/>\n<meta property=\"og:title\" content=\"Premium Aufpuffanlage - By Kern Exhausts\" \/>\n<meta property=\"og:description\" content=\"W\u00fcrdest du gerne die Asspuffe ansehen und dabei erfahren welcher Typ zu deinem Motor passt? 1. Schritt: W\u00e4hle den Typ deines Motors aus Sportster | Dyna | Softail | Touring Die By Kern Premium Aufpuffanlage bietet 2 T\u00f6ne: Street und Sport. Der stiller Modus (Street) verf\u00fcgt \u00fcber die e7 Qualifikation gem\u00e4\u00df der von dem europ\u00e4ischen [&hellip;]\" \/>\n<meta property=\"og:url\" content=\"https:\/\/bykern.com\/de\/premium-kipufogok\/\" \/>\n<meta property=\"og:site_name\" content=\"By Kern Exhausts\" \/>\n<meta property=\"article:modified_time\" content=\"2024-03-19T12:50:06+00:00\" \/>\n<meta property=\"og:image\" content=\"https:\/\/bykern.com\/wp-content\/uploads\/2017\/12\/bykern_icon.png\" \/>\n\t<meta property=\"og:image:width\" content=\"512\" \/>\n\t<meta property=\"og:image:height\" content=\"512\" \/>\n\t<meta property=\"og:image:type\" content=\"image\/png\" \/>\n<meta name=\"twitter:card\" content=\"summary_large_image\" \/>\n<meta name=\"twitter:label1\" content=\"Gesch\u00e4tzte Lesezeit\" \/>\n\t<meta name=\"twitter:data1\" content=\"2\u00a0Minuten\" \/>\n<script type=\"application\/ld+json\" class=\"yoast-schema-graph\">{\"@context\":\"https:\/\/schema.org\",\"@graph\":[{\"@type\":\"WebPage\",\"@id\":\"https:\/\/bykern.com\/de\/premium-kipufogok\/\",\"url\":\"https:\/\/bykern.com\/de\/premium-kipufogok\/\",\"name\":\"Premium Aufpuffanlage - By Kern Exhausts\",\"isPartOf\":{\"@id\":\"https:\/\/bykern.com\/#website\"},\"datePublished\":\"2017-10-27T15:44:41+00:00\",\"dateModified\":\"2024-03-19T12:50:06+00:00\",\"breadcrumb\":{\"@id\":\"https:\/\/bykern.com\/de\/premium-kipufogok\/#breadcrumb\"},\"inLanguage\":\"de\",\"potentialAction\":[{\"@type\":\"ReadAction\",\"target\":[\"https:\/\/bykern.com\/de\/premium-kipufogok\/\"]}]},{\"@type\":\"BreadcrumbList\",\"@id\":\"https:\/\/bykern.com\/de\/premium-kipufogok\/#breadcrumb\",\"itemListElement\":[{\"@type\":\"ListItem\",\"position\":1,\"name\":\"Home\",\"item\":\"https:\/\/bykern.com\/\"},{\"@type\":\"ListItem\",\"position\":2,\"name\":\"Premium Aufpuffanlage\"}]},{\"@type\":\"WebSite\",\"@id\":\"https:\/\/bykern.com\/#website\",\"url\":\"https:\/\/bykern.com\/\",\"name\":\"By Kern Exhausts\",\"description\":\"Pr\u00e9mium Harley Davidson kipufog\u00f3k\",\"potentialAction\":[{\"@type\":\"SearchAction\",\"target\":{\"@type\":\"EntryPoint\",\"urlTemplate\":\"https:\/\/bykern.com\/?s={search_term_string}\"},\"query-input\":{\"@type\":\"PropertyValueSpecification\",\"valueRequired\":true,\"valueName\":\"search_term_string\"}}],\"inLanguage\":\"de\"}]}<\/script>\n<!-- \/ Yoast SEO plugin. -->","yoast_head_json":{"title":"Premium Aufpuffanlage - By Kern Exhausts","robots":{"index":"index","follow":"follow","max-snippet":"max-snippet:-1","max-image-preview":"max-image-preview:large","max-video-preview":"max-video-preview:-1"},"canonical":"https:\/\/bykern.com\/de\/premium-kipufogok\/","og_locale":"de_DE","og_type":"article","og_title":"Premium Aufpuffanlage - By Kern Exhausts","og_description":"W\u00fcrdest du gerne die Asspuffe ansehen und dabei erfahren welcher Typ zu deinem Motor passt? 1. Schritt: W\u00e4hle den Typ deines Motors aus Sportster | Dyna | Softail | Touring Die By Kern Premium Aufpuffanlage bietet 2 T\u00f6ne: Street und Sport. Der stiller Modus (Street) verf\u00fcgt \u00fcber die e7 Qualifikation gem\u00e4\u00df der von dem europ\u00e4ischen [&hellip;]","og_url":"https:\/\/bykern.com\/de\/premium-kipufogok\/","og_site_name":"By Kern Exhausts","article_modified_time":"2024-03-19T12:50:06+00:00","og_image":[{"width":512,"height":512,"url":"https:\/\/bykern.com\/wp-content\/uploads\/2017\/12\/bykern_icon.png","type":"image\/png"}],"twitter_card":"summary_large_image","twitter_misc":{"Gesch\u00e4tzte Lesezeit":"2\u00a0Minuten"},"schema":{"@context":"https:\/\/schema.org","@graph":[{"@type":"WebPage","@id":"https:\/\/bykern.com\/de\/premium-kipufogok\/","url":"https:\/\/bykern.com\/de\/premium-kipufogok\/","name":"Premium Aufpuffanlage - By Kern Exhausts","isPartOf":{"@id":"https:\/\/bykern.com\/#website"},"datePublished":"2017-10-27T15:44:41+00:00","dateModified":"2024-03-19T12:50:06+00:00","breadcrumb":{"@id":"https:\/\/bykern.com\/de\/premium-kipufogok\/#breadcrumb"},"inLanguage":"de","potentialAction":[{"@type":"ReadAction","target":["https:\/\/bykern.com\/de\/premium-kipufogok\/"]}]},{"@type":"BreadcrumbList","@id":"https:\/\/bykern.com\/de\/premium-kipufogok\/#breadcrumb","itemListElement":[{"@type":"ListItem","position":1,"name":"Home","item":"https:\/\/bykern.com\/"},{"@type":"ListItem","position":2,"name":"Premium Aufpuffanlage"}]},{"@type":"WebSite","@id":"https:\/\/bykern.com\/#website","url":"https:\/\/bykern.com\/","name":"By Kern Exhausts","description":"Pr\u00e9mium Harley Davidson kipufog\u00f3k","potentialAction":[{"@type":"SearchAction","target":{"@type":"EntryPoint","urlTemplate":"https:\/\/bykern.com\/?s={search_term_string}"},"query-input":{"@type":"PropertyValueSpecification","valueRequired":true,"valueName":"search_term_string"}}],"inLanguage":"de"}]}},"_links":{"self":[{"href":"https:\/\/bykern.com\/de\/wp-json\/wp\/v2\/pages\/205","targetHints":{"allow":["GET"]}}],"collection":[{"href":"https:\/\/bykern.com\/de\/wp-json\/wp\/v2\/pages"}],"about":[{"href":"https:\/\/bykern.com\/de\/wp-json\/wp\/v2\/types\/page"}],"author":[{"embeddable":true,"href":"https:\/\/bykern.com\/de\/wp-json\/wp\/v2\/users\/1"}],"replies":[{"embeddable":true,"href":"https:\/\/bykern.com\/de\/wp-json\/wp\/v2\/comments?post=205"}],"version-history":[{"count":8,"href":"https:\/\/bykern.com\/de\/wp-json\/wp\/v2\/pages\/205\/revisions"}],"predecessor-version":[{"id":1852,"href":"https:\/\/bykern.com\/de\/wp-json\/wp\/v2\/pages\/205\/revisions\/1852"}],"wp:attachment":[{"href":"https:\/\/bykern.com\/de\/wp-json\/wp\/v2\/media?parent=205"}],"curies":[{"name":"wp","href":"https:\/\/api.w.org\/{rel}","templated":true}]}}